{"id":1539,"date":"2025-08-18T13:31:04","date_gmt":"2025-08-18T11:31:04","guid":{"rendered":"https:\/\/cuplife.pl\/?page_id=1539"},"modified":"2025-08-18T13:34:25","modified_gmt":"2025-08-18T11:34:25","slug":"elementor-1539","status":"publish","type":"page","link":"https:\/\/cuplife.menoiastudio.com\/index.php\/elementor-1539\/","title":{"rendered":"Elementor #1539"},"content":{"rendered":"\t\t<div data-elementor-type=\"wp-post\" data-elementor-id=\"1539\" class=\"elementor elementor-1539\" data-elementor-post-type=\"page\">\n\t\t\t\t<div class=\"elementor-element elementor-element-25587709 e-grid e-con-boxed e-con e-parent\" data-id=\"25587709\" data-element_type=\"container\" data-e-type=\"container\">\n\t\t\t\t\t<div class=\"e-con-inner\">\n\t\t<div class=\"elementor-element elementor-element-19f9ea8 e-con-full e-flex e-con e-child\" data-id=\"19f9ea8\" data-element_type=\"container\" data-e-type=\"container\" data-settings=\"{&quot;background_background&quot;:&quot;classic&quot;}\">\n\t\t\t\t<div class=\"elementor-element elementor-element-76cb5d9b elementor-position-inline-start elementor-mobile-position-inline-start elementor-view-default elementor-widget elementor-widget-icon-box\" data-id=\"76cb5d9b\" data-element_type=\"widget\" data-e-type=\"widget\" data-widget_type=\"icon-box.default\">\n\t\t\t\t<div class=\"elementor-widget-container\">\n\t\t\t\t\t\t\t<div class=\"elementor-icon-box-wrapper\">\n\n\t\t\t\t\t\t<div class=\"elementor-icon-box-icon\">\n\t\t\t\t<span  class=\"elementor-icon\">\n\t\t\t\t<svg aria-hidden=\"true\" class=\"e-font-icon-svg e-fas-truck-pickup\" viewBox=\"0 0 640 512\" xmlns=\"http:\/\/www.w3.org\/2000\/svg\"><path d=\"M624 288h-16v-64c0-17.67-14.33-32-32-32h-48L419.22 56.02A64.025 64.025 0 0 0 369.24 32H256c-17.67 0-32 14.33-32 32v128H64c-17.67 0-32 14.33-32 32v64H16c-8.84 0-16 7.16-16 16v32c0 8.84 7.16 16 16 16h49.61c-.76 5.27-1.61 10.52-1.61 16 0 61.86 50.14 112 112 112s112-50.14 112-112c0-5.48-.85-10.73-1.61-16h67.23c-.76 5.27-1.61 10.52-1.61 16 0 61.86 50.14 112 112 112s112-50.14 112-112c0-5.48-.85-10.73-1.61-16H624c8.84 0 16-7.16 16-16v-32c0-8.84-7.16-16-16-16zM288 96h81.24l76.8 96H288V96zM176 416c-26.47 0-48-21.53-48-48s21.53-48 48-48 48 21.53 48 48-21.53 48-48 48zm288 0c-26.47 0-48-21.53-48-48s21.53-48 48-48 48 21.53 48 48-21.53 48-48 48z\"><\/path><\/svg>\t\t\t\t<\/span>\n\t\t\t<\/div>\n\t\t\t\n\t\t\t\t\t\t<div class=\"elementor-icon-box-content\">\n\n\t\t\t\t\t\t\t\t\t<h3 class=\"elementor-icon-box-title\">\n\t\t\t\t\t\t<span  >\n\t\t\t\t\t\t\tWysy\u0142ka w 24h\t\t\t\t\t\t<\/span>\n\t\t\t\t\t<\/h3>\n\t\t\t\t\n\t\t\t\t\t\t\t\t\t<p class=\"elementor-icon-box-description\">\n\t\t\t\t\t\tZam\u00f3w do 12:00 a produkty wy\u015blemy tego samego dnia\t\t\t\t\t<\/p>\n\t\t\t\t\n\t\t\t<\/div>\n\t\t\t\n\t\t<\/div>\n\t\t\t\t\t\t<\/div>\n\t\t\t\t<\/div>\n\t\t\t\t<\/div>\n\t\t<div class=\"elementor-element elementor-element-c4b84b6 e-con-full e-flex e-con e-child\" data-id=\"c4b84b6\" data-element_type=\"container\" data-e-type=\"container\" data-settings=\"{&quot;background_background&quot;:&quot;classic&quot;}\">\n\t\t\t\t<div class=\"elementor-element elementor-element-13f26953 elementor-position-inline-start elementor-mobile-position-inline-start elementor-view-default elementor-widget elementor-widget-icon-box\" data-id=\"13f26953\" data-element_type=\"widget\" data-e-type=\"widget\" data-widget_type=\"icon-box.default\">\n\t\t\t\t<div class=\"elementor-widget-container\">\n\t\t\t\t\t\t\t<div class=\"elementor-icon-box-wrapper\">\n\n\t\t\t\t\t\t<div class=\"elementor-icon-box-icon\">\n\t\t\t\t<span  class=\"elementor-icon\">\n\t\t\t\t<svg aria-hidden=\"true\" class=\"e-font-icon-svg e-fas-heart\" viewBox=\"0 0 512 512\" xmlns=\"http:\/\/www.w3.org\/2000\/svg\"><path d=\"M462.3 62.6C407.5 15.9 326 24.3 275.7 76.2L256 96.5l-19.7-20.3C186.1 24.3 104.5 15.9 49.7 62.6c-62.8 53.6-66.1 149.8-9.9 207.9l193.5 199.8c12.5 12.9 32.8 12.9 45.3 0l193.5-199.8c56.3-58.1 53-154.3-9.8-207.9z\"><\/path><\/svg>\t\t\t\t<\/span>\n\t\t\t<\/div>\n\t\t\t\n\t\t\t\t\t\t<div class=\"elementor-icon-box-content\">\n\n\t\t\t\t\t\t\t\t\t<h3 class=\"elementor-icon-box-title\">\n\t\t\t\t\t\t<span  >\n\t\t\t\t\t\t\t5\/5 Wed\u0142ug naszych klient\u00f3w\t\t\t\t\t\t<\/span>\n\t\t\t\t\t<\/h3>\n\t\t\t\t\n\t\t\t\t\t\t\t\t\t<p class=\"elementor-icon-box-description\">\n\t\t\t\t\t\tTysi\u0105ce zadowolonych os\u00f3b kupuje u nas.\t\t\t\t\t<\/p>\n\t\t\t\t\n\t\t\t<\/div>\n\t\t\t\n\t\t<\/div>\n\t\t\t\t\t\t<\/div>\n\t\t\t\t<\/div>\n\t\t\t\t<\/div>\n\t\t\t\t\t<\/div>\n\t\t\t\t<\/div>\n\t\t<div class=\"elementor-element elementor-element-6863a689 e-flex e-con-boxed e-con e-parent\" data-id=\"6863a689\" data-element_type=\"container\" data-e-type=\"container\">\n\t\t\t\t\t<div class=\"e-con-inner\">\n\t\t\t\t<div class=\"elementor-element elementor-element-211ab1da wl-columns-4 wl-columns-tablet-2 wl-columns-mobile-1 elementor-widget elementor-widget-wl-customer-veview\" data-id=\"211ab1da\" data-element_type=\"widget\" data-e-type=\"widget\" data-widget_type=\"wl-customer-veview.default\">\n\t\t\t\t<div class=\"elementor-widget-container\">\n\t\t\t\t\t<div class=\"wl-customer-review wlb-review-style-3\"><div class=\"wl-row \">                        <div class=\"wl-col-4\">\n\n                \n                <div class=\"wl-customer-testimonal\">\n                                        <div class=\"content\">\n                        <p>\u201eZam\u00f3wienie przysz\u0142o szybko, dobrze zapakowane. Kubek solidny, troch\u0119 ci\u0119\u017cszy ni\u017c si\u0119 spodziewa\u0142em, ale nadruk \u015bwietnej jako\u015bci. Na pewno zam\u00f3wi\u0119 jeszcze jeden.\u201d<\/p>                        <div class=\"clint-info\">\n                            <h4>Anna M.<\/h4><span>Klient<\/span><ul class=\"rating\"><li><i class=\"fas fa-star\"><\/i><\/li><li><i class=\"fas fa-star\"><\/i><\/li><li><i class=\"fas fa-star\"><\/i><\/li><li><i class=\"fas fa-star\"><\/i><\/li><li><i class=\"fas fa-star\"><\/i><\/li><\/ul>                        <\/div>\n                    <\/div>\n                <\/div>\n\n                \n            <\/div>\n                        <div class=\"wl-col-4\">\n\n                \n                <div class=\"wl-customer-testimonal\">\n                                        <div class=\"content\">\n                        <p>\u201eRewelacyjna obs\u0142uga \u2013 sklep skontaktowa\u0142 si\u0119 ze mn\u0105, \u017ceby upewni\u0107 si\u0119, \u017ce projekt jest dobrze przygotowany. Kubek w rzeczywisto\u015bci wygl\u0105da jeszcze lepiej ni\u017c na wizualizacji. Bardzo polecam!\u201d<\/p>                        <div class=\"clint-info\">\n                            <h4>Kamil S.<\/h4><span>Klient<\/span><ul class=\"rating\"><li><i class=\"fas fa-star\"><\/i><\/li><li><i class=\"fas fa-star\"><\/i><\/li><li><i class=\"fas fa-star\"><\/i><\/li><li><i class=\"fas fa-star\"><\/i><\/li><li><i class=\"fas fa-star\"><\/i><\/li><\/ul>                        <\/div>\n                    <\/div>\n                <\/div>\n\n                \n            <\/div>\n                        <div class=\"wl-col-4\">\n\n                \n                <div class=\"wl-customer-testimonal\">\n                                        <div class=\"content\">\n                        <p>\u201eKubek wygl\u0105da dok\u0142adnie tak, jak w projekcie! Kolory s\u0105 intensywne, a nadruk bardzo wyra\u017any. Po kilku myciach w zmywarce nic si\u0119 nie star\u0142o. Super pomys\u0142 na prezent.\u201d<\/p>                        <div class=\"clint-info\">\n                            <h4>Dorota W.<\/h4><span>Klient<\/span><ul class=\"rating\"><li><i class=\"fas fa-star\"><\/i><\/li><li><i class=\"fas fa-star\"><\/i><\/li><li><i class=\"fas fa-star\"><\/i><\/li><li><i class=\"fas fa-star\"><\/i><\/li><li><i class=\"fas fa-star\"><\/i><\/li><\/ul>                        <\/div>\n                    <\/div>\n                <\/div>\n\n                \n            <\/div>\n                        <div class=\"wl-col-4\">\n\n                \n                <div class=\"wl-customer-testimonal\">\n                                        <div class=\"content\">\n                        <p>\u201eKubek ok, nadruk zgodny z zam\u00f3wieniem, ale przesy\u0142ka mog\u0142a by\u0107 lepiej zabezpieczona \u2013 pude\u0142ko by\u0142o lekko wgniecione. Na szcz\u0119\u015bcie sam kubek ca\u0142y i wygl\u0105da \u0142adnie.\u201d<\/p>                        <div class=\"clint-info\">\n                            <h4>Monika L.<\/h4><span>Klient<\/span><ul class=\"rating\"><li><i class=\"fas fa-star\"><\/i><\/li><li><i class=\"fas fa-star\"><\/i><\/li><li><i class=\"fas fa-star\"><\/i><\/li><li><i class=\"fas fa-star\"><\/i><\/li><li><i class=\"fas fa-star\"><\/i><\/li><\/ul>                        <\/div>\n                    <\/div>\n                <\/div>\n\n                \n            <\/div>\n            <\/div><\/div>\t\t\t\t<\/div>\n\t\t\t\t<\/div>\n\t\t\t\t\t<\/div>\n\t\t\t\t<\/div>\n\t\t\t\t<\/div>\n\t\t","protected":false},"excerpt":{"rendered":"<p>Wysy\u0142ka w 24h Zam\u00f3w do 12:00 a produkty wy\u015blemy tego samego dnia 5\/5 Wed\u0142ug naszych klient\u00f3w Tysi\u0105ce zadowolonych os\u00f3b kupuje u nas. \u201eZam\u00f3wienie przysz\u0142o szybko, dobrze zapakowane. Kubek solidny, troch\u0119 ci\u0119\u017cszy ni\u017c si\u0119 spodziewa\u0142em, ale nadruk \u015bwietnej jako\u015bci. Na pewno zam\u00f3wi\u0119 jeszcze jeden.\u201d Anna M. Klient \u201eRewelacyjna obs\u0142uga \u2013 sklep skontaktowa\u0142 si\u0119 ze mn\u0105, \u017ceby [&hellip;]<\/p>\n","protected":false},"author":1,"featured_media":0,"parent":0,"menu_order":0,"comment_status":"closed","ping_status":"closed","template":"","meta":{"ocean_post_layout":"","ocean_both_sidebars_style":"","ocean_both_sidebars_content_width":0,"ocean_both_sidebars_sidebars_width":0,"ocean_sidebar":"","ocean_second_sidebar":"","ocean_disable_margins":"enable","ocean_add_body_class":"","ocean_shortcode_before_top_bar":"","ocean_shortcode_after_top_bar":"","ocean_shortcode_before_header":"","ocean_shortcode_after_header":"","ocean_has_shortcode":"","ocean_shortcode_after_title":"","ocean_shortcode_before_footer_widgets":"","ocean_shortcode_after_footer_widgets":"","ocean_shortcode_before_footer_bottom":"","ocean_shortcode_after_footer_bottom":"","ocean_display_top_bar":"default","ocean_display_header":"default","ocean_header_style":"","ocean_center_header_left_menu":"","ocean_custom_header_template":"","ocean_custom_logo":0,"ocean_custom_retina_logo":0,"ocean_custom_logo_max_width":0,"ocean_custom_logo_tablet_max_width":0,"ocean_custom_logo_mobile_max_width":0,"ocean_custom_logo_max_height":0,"ocean_custom_logo_tablet_max_height":0,"ocean_custom_logo_mobile_max_height":0,"ocean_header_custom_menu":"","ocean_menu_typo_font_family":"","ocean_menu_typo_font_subset":"","ocean_menu_typo_font_size":0,"ocean_menu_typo_font_size_tablet":0,"ocean_menu_typo_font_size_mobile":0,"ocean_menu_typo_font_size_unit":"px","ocean_menu_typo_font_weight":"","ocean_menu_typo_font_weight_tablet":"","ocean_menu_typo_font_weight_mobile":"","ocean_menu_typo_transform":"","ocean_menu_typo_transform_tablet":"","ocean_menu_typo_transform_mobile":"","ocean_menu_typo_line_height":0,"ocean_menu_typo_line_height_tablet":0,"ocean_menu_typo_line_height_mobile":0,"ocean_menu_typo_line_height_unit":"","ocean_menu_typo_spacing":0,"ocean_menu_typo_spacing_tablet":0,"ocean_menu_typo_spacing_mobile":0,"ocean_menu_typo_spacing_unit":"","ocean_menu_link_color":"","ocean_menu_link_color_hover":"","ocean_menu_link_color_active":"","ocean_menu_link_background":"","ocean_menu_link_hover_background":"","ocean_menu_link_active_background":"","ocean_menu_social_links_bg":"","ocean_menu_social_hover_links_bg":"","ocean_menu_social_links_color":"","ocean_menu_social_hover_links_color":"","ocean_disable_title":"default","ocean_disable_heading":"default","ocean_post_title":"","ocean_post_subheading":"","ocean_post_title_style":"","ocean_post_title_background_color":"","ocean_post_title_background":0,"ocean_post_title_bg_image_position":"","ocean_post_title_bg_image_attachment":"","ocean_post_title_bg_image_repeat":"","ocean_post_title_bg_image_size":"","ocean_post_title_height":0,"ocean_post_title_bg_overlay":0.5,"ocean_post_title_bg_overlay_color":"","ocean_disable_breadcrumbs":"default","ocean_breadcrumbs_color":"","ocean_breadcrumbs_separator_color":"","ocean_breadcrumbs_links_color":"","ocean_breadcrumbs_links_hover_color":"","ocean_display_footer_widgets":"default","ocean_display_footer_bottom":"default","ocean_custom_footer_template":"","footnotes":""},"class_list":["post-1539","page","type-page","status-publish","hentry","entry","owp-thumbs-layout-horizontal","owp-btn-normal","owp-tabs-layout-horizontal","has-no-thumbnails","has-product-nav"],"jetpack_sharing_enabled":true,"_links":{"self":[{"href":"https:\/\/cuplife.menoiastudio.com\/index.php\/wp-json\/wp\/v2\/pages\/1539","targetHints":{"allow":["GET"]}}],"collection":[{"href":"https:\/\/cuplife.menoiastudio.com\/index.php\/wp-json\/wp\/v2\/pages"}],"about":[{"href":"https:\/\/cuplife.menoiastudio.com\/index.php\/wp-json\/wp\/v2\/types\/page"}],"author":[{"embeddable":true,"href":"https:\/\/cuplife.menoiastudio.com\/index.php\/wp-json\/wp\/v2\/users\/1"}],"replies":[{"embeddable":true,"href":"https:\/\/cuplife.menoiastudio.com\/index.php\/wp-json\/wp\/v2\/comments?post=1539"}],"version-history":[{"count":4,"href":"https:\/\/cuplife.menoiastudio.com\/index.php\/wp-json\/wp\/v2\/pages\/1539\/revisions"}],"predecessor-version":[{"id":1543,"href":"https:\/\/cuplife.menoiastudio.com\/index.php\/wp-json\/wp\/v2\/pages\/1539\/revisions\/1543"}],"wp:attachment":[{"href":"https:\/\/cuplife.menoiastudio.com\/index.php\/wp-json\/wp\/v2\/media?parent=1539"}],"curies":[{"name":"wp","href":"https:\/\/api.w.org\/{rel}","templated":true}]}}